{"id":730,"date":"2021-01-01T18:18:32","date_gmt":"2021-01-01T18:18:32","guid":{"rendered":"https:\/\/webdevcode.com\/wp\/pylon\/live\/?page_id=730"},"modified":"2026-02-15T22:44:37","modified_gmt":"2026-02-15T22:44:37","slug":"nous-contacter","status":"publish","type":"page","link":"https:\/\/argentgarantie.ca\/en\/nous-contacter\/","title":{"rendered":"Nous contacter"},"content":{"rendered":"<div data-elementor-type=\"wp-page\" data-elementor-id=\"730\" class=\"elementor elementor-730\" data-elementor-post-type=\"page\">\n\t\t\t\t\t\t<section class=\"elementor-section elementor-top-section elementor-element elementor-element-277ea56 elementor-section-boxed elementor-section-height-default elementor-section-height-default\" data-id=\"277ea56\" data-element_type=\"section\" data-e-type=\"section\">\n\t\t\t\t\t\t<div class=\"elementor-container elementor-column-gap-default\">\n\t\t\t\t\t<div class=\"elementor-column elementor-col-100 elementor-top-column elementor-element elementor-element-64baa63\" data-id=\"64baa63\" data-element_type=\"column\" data-e-type=\"column\">\n\t\t\t<div class=\"elementor-widget-wrap elementor-element-populated\">\n\t\t\t\t\t\t<section class=\"elementor-section elementor-inner-section elementor-element elementor-element-b524c20 elementor-section-boxed elementor-section-height-default elementor-section-height-default\" data-id=\"b524c20\" data-element_type=\"section\" data-e-type=\"section\">\n\t\t\t\t\t\t<div class=\"elementor-container elementor-column-gap-default\">\n\t\t\t\t\t<div class=\"elementor-column elementor-col-50 elementor-inner-column elementor-element elementor-element-df0cd82\" data-id=\"df0cd82\" data-element_type=\"column\" data-e-type=\"column\">\n\t\t\t<div class=\"elementor-widget-wrap elementor-element-populated\">\n\t\t\t\t\t\t<div class=\"elementor-element elementor-element-ec16710 elementor-widget elementor-widget-pylon_title\" data-id=\"ec16710\" data-element_type=\"widget\" data-e-type=\"widget\" data-widget_type=\"pylon_title.default\">\n\t\t\t\t<div class=\"elementor-widget-container\">\n\t\t\t\t\t        <div class=\"pylon-title\">\r\n            <div class=\"block-title\">\r\n                <p class=\"small-title\">Prenez contact avec nous<\/p>\r\n            <h2 class=\"title-block\">Demandez votre requ\u00eate<\/h2>\r\n                        <\/div>\r\n                                <\/div>\r\n        \t\t\t\t<\/div>\n\t\t\t\t<\/div>\n\t\t\t\t<div class=\"elementor-element elementor-element-7433bfe elementor-widget elementor-widget-pylon_static_contact_info\" data-id=\"7433bfe\" data-element_type=\"widget\" data-e-type=\"widget\" data-widget_type=\"pylon_static_contact_info.default\">\n\t\t\t\t<div class=\"elementor-widget-container\">\n\t\t\t\t\t\r\n            <div class=\"contact-one__box\">\r\n                <i class=\"pylon-icon-telephone\"><\/i>\r\n                <div class=\"contact-one__box-content\">\r\n                    <h4>Appelez \u00e0 tout moment<\/h4>\r\n                    <span><p>514 464 7738<\/p><\/span> \r\n                <\/div>\r\n            <\/div>\r\n            <div class=\"contact-one__box\">\r\n                <i class=\"pylon-icon pylon-icon-email1\"><\/i>\r\n                <div class=\"contact-one__box-content\">\r\n                    <h4>\u00c9crire un courriel<\/h4>\r\n                    <span><p><a href=\"mailto:domenic@canfinance.ca\">domenic@canfinance.ca<\/a><\/p><\/span> \r\n                <\/div>\r\n            <\/div>\t\t\t\t<\/div>\n\t\t\t\t<\/div>\n\t\t\t\t\t<\/div>\n\t\t<\/div>\n\t\t\t\t<div class=\"elementor-column elementor-col-50 elementor-inner-column elementor-element elementor-element-21df53d\" data-id=\"21df53d\" data-element_type=\"column\" data-e-type=\"column\">\n\t\t\t<div class=\"elementor-widget-wrap elementor-element-populated\">\n\t\t\t\t\t\t<div class=\"elementor-element elementor-element-8582e12 elementor-widget elementor-widget-shortcode\" data-id=\"8582e12\" data-element_type=\"widget\" data-e-type=\"widget\" data-widget_type=\"shortcode.default\">\n\t\t\t\t<div class=\"elementor-widget-container\">\n\t\t\t\t\t\t\t<div class=\"elementor-shortcode\"><style type=\"text\/css\">#nex-forms{display:none;}<\/style><div id=\"nf_form_73904\">\r\n\t\t\t\r\n\t\t\t<style type=\"text\/css\">\r\n\t\t\t\r\n\t\t\t\t#nex-forms.contact_form .nf-loader-lds-spinner div:after {background: #40C4FF; }\r\n\t\t\t\t#nex-forms.contact_form .nf-loader-lds-grid div {background: #40C4FF; }\r\n\t\t\t\t#nex-forms.contact_form .nf-loader-lds-ellipsis div { background: #40C4FF;}\r\n\t\t\t\t#nex-forms.contact_form .nf-loader-lds-default div {background: #40C4FF;}\r\n\t\t\t\t#nex-forms.contact_form .nf-loader-lds-roller div:after {background: #40C4FF;}\r\n\t\t\t\t#nex-forms.contact_form .nf-loader-lds-heart div,\r\n\t\t\t\t#nex-forms.contact_form .nf-loader-lds-heart div:after,\r\n\t\t\t\t#nex-forms.contact_form .nf-loader-lds-heart div:before {background: #40C4FF;}\r\n\t\r\n\t\t\t\t\r\n\t\t\t\t#nex-forms.contact_form .nf-loader-lds-facebook div {background: #40C4FF;}\r\n\t\t\t\t#nex-forms.contact_form .nf-loader-lds-circle > div {background: #40C4FF;}\r\n\t\t\t\t\r\n\t\t\t\t#nex-forms.contact_form .nf-loader-lds-dual-ring:after {border: 6px solid #40C4FF;border-color: #40C4FF transparent #40C4FF transparent;}\r\n\t\t\t\t#nex-forms.contact_form .nf-loader-lds-ring div {border: 8px solid #40C4FF;border-color: #40C4FF transparent transparent transparent;}\r\n\t\t\t\t#nex-forms.contact_form .nf-loader-lds-hourglass:after {border: 32px solid #40C4FF;border-color: #40C4FF transparent #40C4FF transparent;}\r\n\t\t\t\t#nex-forms.contact_form .nf-loader-lds-ripple div {border: 4px solid #40C4FF;}\r\n\t\t\t<\/style>\r\n\t\t\t\r\n\t\t\t\r\n\t\t\t<div id=\"nex-forms\" data-loader=\"ellipsis\" data-msg-hide-form=\"yes\" data-msg-position=\"top\" data-msg-placement=\"outside\"  class=\"nex-forms contact_form\"><div class=\"pre_fill_fields\"><\/div><div class=\"set_form_theme theme-default\"><div class=\"nex_success_message msg_top msgv2 animated hidden\" style=\"display:none;\"><div class=\"nex_success_message_container\" style=\"background: #ffffff; box-shadow: #00000033 0px 7px 16px 0px; border-radius: 4px; padding: 30px; border-color: #dddddd;\"><div class=\"msg_text\"><div class=\"form_field all_fields icon html_fields wow bounceInUp\" style=\"margin-bottom: 15px\" id=\"_21501\" data-animation-name=\"bounceInUp\">\n\t\t\t\t\t\t\t  <div class=\"edit_mask\"><\/div>\n\t\t\t\t\t\t\t  \n\t\t\t\t\t\t\t\t<div class=\"icon_container_wrapper icon_center\">\n\t\t\t\t\t\t\t\t  <div class=\"icon_container\" id=\"field_container\" style=\"border-width: 0px;background-color: transparent\">\n\t\t\t\t\t\t\t\t\t<div class=\"\">\n\t\t\t\t\t\t\t\t\t  <div class=\"input_container\">\n\t\t\t\t\t\t\t\t\t\t<div class=\"the_input_element icon_element\" style=\"font-size: 50px;color: #8bc34a\"><span class=\"fas fa-check-circle\"><\/span><\/div>\n\t\t\t\t\t\t\t\t\t  <\/div>\n\t\t\t\t\t\t\t\t\t<\/div>\n\t\t\t\t\t\t\t\t  <\/div>\n\t\t\t\t\t\t\t\t  \n\t\t\t\t\t\t\t\t<\/div>\n\t\t\t\t\t\t\t  \n\t\t\t\t\t\t\t<\/div>\n\t\t\t\t\t\t\t<div class=\"form_field all_fields html html_fields wow fadeInDown\" style=\"margin-bottom: 15px\" data-animation-name=\"fadeInDown\" data-wow-delay=\"0.5s\" id=\"_99184\">\n\t\t\t\t\t\t\t  <div class=\"edit_mask\"><\/div>\n\t\t\t\t\t\t\t  \n\t\t\t\t\t\t\t\t<div class=\"row\">\n\t\t\t\t\t\t\t\t  <div class=\"col-sm-12\" id=\"field_container\">\n\t\t\t\t\t\t\t\t\t<div class=\"row\">\n\t\t\t\t\t\t\t\t\t  <div class=\"col-sm-12 input_container\">\n\t\t\t\t\t\t\t\t\t\t<div class=\"the_input_element align_center\" data-math-equation=\"\" data-original-math-equation=\"\" data-decimal-places=\"0\">Merci de vous \u00eatre connect\u00e9 avec nous. Nous vous r\u00e9pondrons sous peu.<\/div>\n\t\t\t\t\t\t\t\t\t\t<div style=\"clear:both\"><\/div>\n\t\t\t\t\t\t\t\t\t  <\/div>\n\t\t\t\t\t\t\t\t\t<\/div>\n\t\t\t\t\t\t\t\t  <\/div>\n\t\t\t\t\t\t\t\t  \n\t\t\t\t\t\t\t\t<\/div>\n\t\t\t\t\t\t\t  \n\t\t\t\t\t\t\t<\/div><\/div><\/div><\/div><div data-timer-start=\"1\" data-timer-end=\"0\" class=\"inner-canvas-container ui-nex-forms-container ui-nex-forms-container-fe  m_design\" id=\"ui-nex-forms-container-2\"  ><div class=\"current_step\" style=\"display:none;\">1<\/div><div class=\"last_visited_step\" style=\"display:none;\">1<\/div><div class=\"nex-forms-header-footer nex-forms-header timer_inline timer_right\"><\/div><div id=\"the_plugin_url\" style=\"display:none;\">https:\/\/argentgarantie.ca\/wp-content\/plugins\/nex-forms-premium<\/div><div id=\"nf_save_form_progress\" style=\"display:none;\">false<\/div><div id=\"confirmation_page\" class=\"confirmation_page\" style=\"display:none;\"><\/div><div id=\"on_form_submmision\" class=\"on_form_submmision\" style=\"display:none;\">message<\/div><div class=\"hidden\" id=\"nf_ajax_url\" style=\"display:none;\">https:\/\/argentgarantie.ca\/wp-admin\/admin-ajax.php<\/div><div class=\"hidden\" id=\"paypal_return_url\" style=\"display:none;\">https:\/\/argentgarantie.ca\/en\/wp-json\/wp\/v2\/pages\/730<\/div><div class=\"hidden\" id=\"ms_scroll_to_top\" style=\"display:none;\">yes<\/div><div class=\"v7_container form_type_normal\" style=\"padding: 20px; background: white; box-shadow: #00000033 0px 7px 16px 0px;\"><div class=\"current_field_on_focus\" style=\"display:none\">1<\/div><form id=\"2\" class=\"submit-nex-form nex-forms-2\" data-form-id=\"2\" name=\"nex_form\" action=\"https:\/\/argentgarantie.ca\/wp-admin\/admin-ajax.php\" method=\"post\" enctype=\"multipart\/form-data\"><div class=\"step_transition_in\" style=\"display:none;\">fadeIn<\/div><div class=\"step_transition_out\" style=\"display:none;\">fadeOut<\/div><input type=\"hidden\" name=\"nex_forms_Id\" value=\"2\"><input type=\"hidden\" name=\"page\" value=\"\/en\/wp-json\/wp\/v2\/pages\/730\"><input type=\"hidden\" name=\"ip\" value=\"216.73.216.69\"><input type=\"hidden\" name=\"nf_page_id\" value=\"730\"><input type=\"hidden\" name=\"nf_page_title\" value=\"Nous contacter\"><input type=\"text\" name=\"company_url\" value=\"\" placeholder=\"enter company url\" class=\"form-control req\">\n\t\t\t\t\t\t\t<div class=\"form_field hidden bootstrap_field\" id=\"_40280\">\n\t\t\t\t\t\t\t\t<input class=\"ms_current_step\" value=\"1\" name=\"ms_current_step\" type=\"hidden\">\n\t\t\t\t\t\t\t<\/div>\n\t\t\t\t\t\t\t<div class=\"grid-system-2 bootstrap_field is_grid\" id=\"_13089\" style=\"position: relative;left: 0px;top: 0px\"><div class=\"row grid_row\"><div class=\"grid_input_holder id-_13089  col-sm-3 grid-target-0\" data-grid-width=\"3\" data-grid-num=\"0\"><div class=\"form_field all_fields html_image html_fields bootstrap_field\" style=\"margin-bottom: 15px;position: relative;top: 0px;margin-left: 10px;margin-right: 0px\" id=\"_57189\"><div class=\"row\"><div class=\"col-sm-12\" id=\"field_container\" style=\"padding-left: 0px\"><div class=\"row\"><div class=\"col-sm-12 input_container\"><div class=\"image_container empty\" style=\"display: none\"><span class=\"far fa-image\"><\/span><\/div><img decoding=\"async\" src=\"http:\/\/basixonline.net\/development\/wp-content\/uploads\/2020\/05\/Jeff_2.png\" class=\"html-image-obj ui-resizable\" data-original-height=\"188\" data-original-width=\"151\" alt=\"Jeff\" width=\"151\" style=\"margin: 0px;position: static;display: block;height: 156px;width: 151px\" title=\"Jeff\"><\/div><\/div><\/div><\/div><\/div><\/div><div class=\"grid_input_holder id-_13089  col-sm-9 grid-target-1\" data-grid-width=\"9\" data-grid-num=\"1\"><div class=\"form_field all_fields heading html_fields bootstrap_field\" id=\"_14173\" style=\"position: relative;top: 0px;left: 0px;margin-bottom: 15px\"><div class=\"row\"><div class=\"col-sm-12\" id=\"field_container\"><div class=\"row\"><div class=\"col-sm-12 input_container\"><input class=\"set_math_result\" value=\"0\" name=\"math_result\" type=\"hidden\"><h3 style=\"color: #444444\" data-original-math-equation=\"\" data-math-equation=\"\" class=\"the_input_element\"><span style=\"margin-left:10px\">Contactez-nous<\/span><\/h3><\/div><\/div><\/div><\/div><\/div><div class=\"form_field all_fields paragraph html_fields bootstrap_field\" id=\"_43188\" style=\"position: relative;top: 0px;left: 0px;margin-bottom: 15px\"><div class=\"row\"><div class=\"col-sm-12\" id=\"field_container\"><div class=\"row\"><div class=\"col-sm-12 input_container\"><input class=\"set_math_result\" value=\"0\" name=\"math_result\" type=\"hidden\"><div class=\"the_input_element\" data-math-equation=\"\" data-original-math-equation=\"\" data-decimal-places=\"0\" style=\"color: #444444;font-size: 15px\"><div style=\"margin-left:10px\">Veuillez remplir le formulaire ci-dessous et nous vous r\u00e9pondrons dans les plus brefs d\u00e9lais.<\/div><\/div><div style=\"clear:both\"><\/div><\/div><\/div><\/div><\/div><\/div><\/div><\/div><\/div><div class=\"form_field all_fields name preset_fields required has_prefix_icon bootstrap_field\" id=\"_84990\" style=\"position: relative;top: 0px;left: 0px;margin-bottom: 15px\"><div class=\"row\"><div class=\"col-sm-12\" id=\"field_container\"><div class=\"row\"><div class=\"label_container align_let align_left col-sm-12\"><label class=\"nf_title\"><span class=\"the_label\" style=\"font-size: 14px;color: #444444\">*Nom<\/span><\/label><\/div><div class=\"col-sm-12  input_container\"><div class=\"input-group\"><span class=\"input-group-addon prefix\"><span class=\"fas fa-user\" style=\"font-size: 22px\"><\/span><\/span><input name=\"nom\" class=\"error_message required form-control the_input_element aling_left\" data-onfocus-color=\"#dddddd\" data-drop-focus-swadow=\"1\" data-placement=\"bottom\" data-content=\"Required\" title=\"\" data-secondary-message=\"\" data-original-brd-color=\"#dddddd\" type=\"text\" style=\"font-size: 13px;color: #444444\" placeholder=\"\" value=\"\" data-value=\"\"><div data-lastpass-icon-root=\"true\" style=\"position: relative !important;height: 0px !important;width: 0px !important;float: left !important\"><\/div><\/div><\/div><\/div><\/div><\/div><\/div><div class=\"form_field all_fields email email preset_fields required has_prefix_icon bootstrap_field\" id=\"_44433\" style=\"position: relative;top: 0px;left: 0px;margin-bottom: 15px\"><div class=\"row\"><div class=\"col-sm-12\" id=\"field_container\"><div class=\"row\"><div class=\"label_container align_let align_left col-sm-12\"><label class=\"nf_title\"><span class=\"the_label\" style=\"font-size: 14px;color: #444444\">Email<\/span><\/label><\/div><div class=\"col-sm-12  input_container\"><div class=\"input-group\"><span class=\"input-group-addon prefix\"><span class=\"fas fa-envelope\" style=\"font-size: 22px\"><\/span><\/span><input name=\"courriel\" class=\"error_message required email form-control the_input_element aling_left\" data-onfocus-color=\"#dddddd\" data-drop-focus-swadow=\"1\" data-placement=\"bottom\" data-content=\"Required\" title=\"\" data-secondary-message=\"Invalid email address\" data-original-brd-color=\"#dddddd\" type=\"text\" style=\"font-size: 13px;color: #444444\"><\/div><\/div><\/div><\/div><\/div><\/div><div class=\"form_field all_fields phone_number phone_number preset_fields required has_prefix_icon bootstrap_field\" style=\"margin-bottom: 15px;position: relative;top: 0px\" id=\"_82410\"><div class=\"row\"><div class=\"col-sm-12\" id=\"field_container\"><div class=\"row\"><div class=\"col-sm-12 label_container align_left\"><label class=\"nf_title\"><span class=\"the_label\" style=\"font-size: 14px;color: #444444\">Phone<\/span><\/label><\/div><div class=\"col-sm-12  input_container\"><div class=\"input-group\"><span class=\"input-group-addon prefix\" style=\"color: #888888;background: white;border-color: #dddddd\"><span class=\"fa fa fa-phone\" style=\"font-size: 22px\"><\/span><\/span><input type=\"text\" name=\"t\u00e9l\u00e9phone\" class=\"error_message required phone_number form-control the_input_element aling_left align_left\" data-onfocus-color=\"#66AFE9\" data-drop-focus-swadow=\"1\" data-placement=\"bottom\" data-content=\"Required\" title=\"\" data-secondary-message=\"Invalid phone number\" style=\"font-size: 13px;color: #444444;background: white;border-color: #dddddd\"><\/div><\/div><\/div><\/div><\/div><\/div><div class=\"form_field all_fields Query preset_fields required has_prefix_icon bootstrap_field\" id=\"_24109\" style=\"position: relative;top: 0px;left: 0px;margin-bottom: 15px\"><div class=\"row\"><div class=\"col-sm-12\" id=\"field_container\"><div class=\"row\"><div class=\"label_container align_let align_left col-sm-12\"><label class=\"nf_title\"><span class=\"the_label\" style=\"font-size: 14px;color: #444444\">*Message<\/span><\/label><\/div><div class=\"col-sm-12  input_container\"><div class=\"input-group\"><span class=\"input-group-addon prefix\"><span class=\"fas fa-comment\" style=\"font-size: 22px\"><\/span><\/span><textarea name=\"message\" placeholder=\"\" data-maxlength-color=\"label label-success\" data-maxlength-position=\"bottom\" data-maxlength-show=\"false\" data-default-value=\"\" class=\"error_message required the_input_element textarea pre-format form-control aling_left materialize-textarea\" data-onfocus-color=\"#dddddd\" data-drop-focus-swadow=\"1\" data-placement=\"bottom\" data-content=\"Required\" title=\"\" data-original-brd-color=\"#dddddd\" style=\"font-size: 13px;color: #444444\"><\/textarea><\/div><\/div><\/div><\/div><\/div><\/div><div class=\"form_field all_fields submit-button button_fields common_fields preset_fields special_fields selection_fields square bootstrap_field\" id=\"_64832\" style=\"position: relative;top: 0px;left: 0px;margin-bottom: 15px\"><div class=\"row\"><div class=\"col-sm-12\" id=\"field_container\"><div class=\"row\"><div class=\"col-sm-12  input_container\"><button class=\"nex-submit svg_ready the_input_element btn btn-default col-sm-12\" style=\"color: #ffffff;border-color: #607d8b;background-color: #444444\" data-math-equation=\"\" data-original-math-equation=\"\">Soumettre<\/button><\/div><\/div><\/div><\/div><\/div>\n\t\t\t\t\t\n\t\t\t\t\t\n\t\t\t\t\t\n\t\t\t\t\t\n\t\t\t\t\t\n\t\t\t\t\t\n\t\t\t\t\t\n\t\t\t\t\t\n\t\t\t\t\t\n\t\t\t\t\t\n\t\t\t\t\t\n\t\t\t\t\t\n\t\t\t\t\t\n\t\t\t\t\t\n\t\t\t\t\t\n\t\t\t\t\t\n\t\t\t\t\t\n\t\t\t\t\t\n\t\t\t\t\t\n\t\t\t\t\t\n\t\t\t\t\t\n\t\t\t\t\t\n\t\t\t\t\t\n\t\t\t\t\t\n\t\t\t\t\t\n\t\t\t\t\t\n\t\t\t\t\t\n\t\t\t\t\t\n\t\t\t\t\t\n\t\t\t\t\t\n\t\t\t\t\t\n\t\t\t\t\t\n\t\t\t\t\t\n\t\t\t\t\t\n\t\t\t\t\t\n\t\t\t\t\t\n\t\t\t\t\t\n\t\t\t\t\t\n\t\t\t\t\t\n\t\t\t\t\t\n\t\t\t\t\t\n\t\t\t\t\t<\/form><\/div><\/div><\/div><\/div><\/div><style type=\"text\/css\" class=\"nex-forms-custom-css\"><\/style><\/div>\n\t\t\t\t\t\t<\/div>\n\t\t\t\t<\/div>\n\t\t\t\t\t<\/div>\n\t\t<\/div>\n\t\t\t\t\t<\/div>\n\t\t<\/section>\n\t\t\t\t\t<\/div>\n\t\t<\/div>\n\t\t\t\t\t<\/div>\n\t\t<\/section>\n\t\t\t\t<\/div>","protected":false},"excerpt":{"rendered":"<p>Prenez contact avec nous Demandez votre requ\u00eate Appelez \u00e0 tout moment 514 464 7738 \u00c9crire un courriel domenic@canfinance.ca<\/p>","protected":false},"author":3,"featured_media":0,"parent":0,"menu_order":0,"comment_status":"closed","ping_status":"closed","template":"template-fullpage.php","meta":{"footnotes":""},"class_list":["post-730","page","type-page","status-publish","hentry"],"_links":{"self":[{"href":"https:\/\/argentgarantie.ca\/en\/wp-json\/wp\/v2\/pages\/730","targetHints":{"allow":["GET"]}}],"collection":[{"href":"https:\/\/argentgarantie.ca\/en\/wp-json\/wp\/v2\/pages"}],"about":[{"href":"https:\/\/argentgarantie.ca\/en\/wp-json\/wp\/v2\/types\/page"}],"author":[{"embeddable":true,"href":"https:\/\/argentgarantie.ca\/en\/wp-json\/wp\/v2\/users\/3"}],"replies":[{"embeddable":true,"href":"https:\/\/argentgarantie.ca\/en\/wp-json\/wp\/v2\/comments?post=730"}],"version-history":[{"count":12,"href":"https:\/\/argentgarantie.ca\/en\/wp-json\/wp\/v2\/pages\/730\/revisions"}],"predecessor-version":[{"id":5584,"href":"https:\/\/argentgarantie.ca\/en\/wp-json\/wp\/v2\/pages\/730\/revisions\/5584"}],"wp:attachment":[{"href":"https:\/\/argentgarantie.ca\/en\/wp-json\/wp\/v2\/media?parent=730"}],"curies":[{"name":"wp","href":"https:\/\/api.w.org\/{rel}","templated":true}]}}