{"id":547,"date":"2021-01-01T13:14:52","date_gmt":"2021-01-01T13:14:52","guid":{"rendered":"https:\/\/webdevcode.com\/wp\/pylon\/live\/?page_id=547"},"modified":"2022-03-19T22:06:22","modified_gmt":"2022-03-19T22:06:22","slug":"calculateur-de-pret","status":"publish","type":"page","link":"https:\/\/argentgarantie.ca\/en\/calculateur-de-pret\/","title":{"rendered":"Calculateur de pr\u00eat"},"content":{"rendered":"<div data-elementor-type=\"wp-page\" data-elementor-id=\"547\" class=\"elementor elementor-547\" data-elementor-post-type=\"page\">\n\t\t\t\t\t\t<section class=\"elementor-section elementor-top-section elementor-element elementor-element-d91b65a elementor-section-boxed elementor-section-height-default elementor-section-height-default\" data-id=\"d91b65a\" data-element_type=\"section\" data-e-type=\"section\">\n\t\t\t\t\t\t<div class=\"elementor-container elementor-column-gap-default\">\n\t\t\t\t\t<div class=\"elementor-column elementor-col-100 elementor-top-column elementor-element elementor-element-7069412\" data-id=\"7069412\" data-element_type=\"column\" data-e-type=\"column\">\n\t\t\t<div class=\"elementor-widget-wrap elementor-element-populated\">\n\t\t\t\t\t\t<div class=\"elementor-element elementor-element-210582d animated none elementor-widget elementor-widget-pylon_total_calculator_Widget\" data-id=\"210582d\" data-element_type=\"widget\" data-e-type=\"widget\" data-widget_type=\"pylon_total_calculator_Widget.default\">\n\t\t\t\t<div class=\"elementor-widget-container\">\n\t\t\t\t\t        <div class=\"row\">\r\n            <div class=\"col-md-7\">\r\n                <div class=\"loan-slider-box\">\r\n                    <div class=\"loan-main-heading block-title text-left\">\r\n                        <p class=\"small-title mb-0\">EMI mensuel<\/p>\r\n                        <h3 class=\"title-block w-500\">Calculateur d&#039;int\u00e9r\u00eat de pr\u00eat<\/h3>\r\n                    <\/div>    \r\n                    <div class=\"single-loan-slider\">\r\n                        <h4>Montant du pr\u00eat<\/h4>\r\n                        <div id=\"pricipal-total-slide\"><\/div>\r\n                        <div class=\"single-loan-counter\">\r\n                            <span>$<\/span>\r\n                            <h6 id=\"pricipal-id\"><\/h6>\r\n                        <\/div>\r\n                    <\/div>\r\n                    <div class=\"single-loan-slider\">\r\n                        <h4>Mois de pr\u00eat<\/h4>\r\n                        <div id=\"totalyear-loan-slide\"><\/div>\r\n                        <div class=\"single-loan-counter\">\r\n                            <h6 id=\"totalyear-id\"><\/h6>\r\n                            <span>Mois<\/span>\r\n                        <\/div>\r\n                    <\/div>\r\n                    <div class=\"single-loan-slider\">\r\n                        <h4>Taux d&#039;int\u00e9r\u00eat<\/h4>\r\n                        <div id=\"interest-total-slide\"><\/div>\r\n                        <div class=\"single-loan-counter\">\r\n                            <h6 id=\"interest-id\"><\/h6>\r\n                            <span>%<\/span>\r\n                        <\/div>\r\n                    <\/div>\r\n                <\/div>\r\n            <\/div> \r\n            <div class=\"col-md-5\">\r\n                <div id=\"loan-calculator\" data-interest-rate=\"15\" class=\"about-one__form about-total-loan-form\">\r\n                <h3>Combien vous avez besoin<\/h3>\r\n                <div class=\"about-one__form-content\">\r\n                        <p>\r\n                            <span>Monthly EMI<\/span>\r\n                            <b>$<i id=\"emi\"><\/i><\/b>\r\n                        <\/p>\r\n                        <p>\r\n                            <span>Int\u00e9r\u00eat total<\/span>\r\n                            <b>$<i id=\"tbl_emi\"><\/i><\/b>\r\n                        <\/p>\r\n                        <p>\r\n                            <span>Montant total a payer<\/span>\r\n                            <b>$<i id=\"tbl_la\"><\/i><\/b>\r\n                        <\/p>                                                \r\n                        <a href=\"https:\/\/argentgarantie.ca\/en\/appliquer-maintenant\/\" class=\"thm-btn\" target=\"_blank\"  rel=\"nofollow\">Demander un pr\u00eat<\/a>\r\n                    <\/div>\r\n                <\/div>\r\n            <\/div>   \r\n        <\/div>            \r\n                <script>\r\n          jQuery( function( $ ) {\r\n\r\n            $ = jQuery;\r\n\r\n            $(\"#pricipal-total-slide\").slider({\r\n                range: \"min\",\r\n                min: 10000,\r\n                max: 250000,\r\n                value: 100000,\r\n                step: 100,\r\n                slide: function(event, ui) {\r\n                    $(\"#pricipal-id\").text(ui.value);\r\n                    loancalculate();\r\n                }\r\n            });\r\n            $(\"#pricipal-id\").text($(\"#pricipal-total-slide\").slider(\"value\"));\r\n\r\n            $(\"#totalyear-loan-slide\").slider({\r\n                range: \"min\",\r\n                min: 1,\r\n                max: 120,\r\n                value: 12,\r\n\r\n                slide: function(event, ui) {\r\n                    $(\"#totalyear-id\").text(ui.value);\r\n                    loancalculate();\r\n                }\r\n            });\r\n            $(\"#totalyear-id\").text($(\"#totalyear-loan-slide\").slider(\"value\"));\r\n\r\n            $(\"#interest-total-slide\").slider({\r\n                range: \"min\",\r\n                min: 1,\r\n                max: 12,\r\n                value: 4.1,\r\n                step: 0.01,\r\n                slide: function(event, ui) {\r\n                    $(\"#interest-id\").text(ui.value);\r\n                    loancalculate();\r\n                }\r\n            });\r\n            $(\"#interest-id\").text($(\"#interest-total-slide\").slider(\"value\"));\r\n\r\n            loancalculate();\r\n         });\r\n\r\n            function loancalculate()\r\n            {\r\n                var loanAmount =jQuery(\"#pricipal-id\").text();\r\n                var numberOfMonths =jQuery(\"#totalyear-id\").text();\r\n                var rateOfInterest=jQuery(\"#interest-id\").text();\r\n\r\n                var monthlyInterestRatio = (rateOfInterest\/100)\/12;\r\n\r\n                var top = Math.pow((1+monthlyInterestRatio),numberOfMonths);\r\n                var bottom = top -1;\r\n                var sp = top \/ bottom;\r\n                var emi = ((loanAmount * monthlyInterestRatio) * sp);\r\n                var full = numberOfMonths * emi;\r\n                var interest = full - loanAmount;\r\n                var int_pge =  (interest \/ full) * 100;\r\n                \/\/$(\"#tbl_int_pge\").html(int_pge.toFixed(2)+\" %\");\r\n                \/\/$(\"#tbl_loan_pge\").html((100-int_pge.toFixed(2))+\" %\");\r\n\r\n                var emi_str = emi.toFixed(2).toString().replace(\/,\/g, \"\").replace(\/\\B(?=(\\d{3})+(?!\\d))\/g, \",\");\r\n                var loanAmount_str = loanAmount.toString().replace(\/,\/g, \"\").replace(\/\\B(?=(\\d{3})+(?!\\d))\/g, \",\");\r\n                var full_str = full.toFixed(2).toString().replace(\/,\/g, \"\").replace(\/\\B(?=(\\d{3})+(?!\\d))\/g, \",\");\r\n                var int_str = interest.toFixed(2).toString().replace(\/,\/g, \"\").replace(\/\\B(?=(\\d{3})+(?!\\d))\/g, \",\");\r\n\r\n\r\n                jQuery(\"#emi\").html(emi_str);\r\n                jQuery(\"#tbl_emi\").html(int_str);\r\n                jQuery(\"#tbl_la\").html(full_str);\r\n            }\r\n        <\/script>\r\n        \t\t\t\t<\/div>\n\t\t\t\t<\/div>\n\t\t\t\t\t<\/div>\n\t\t<\/div>\n\t\t\t\t\t<\/div>\n\t\t<\/section>\n\t\t\t\t<\/div>","protected":false},"excerpt":{"rendered":"<p>EMI mensuel Calculateur d&#039;int\u00e9r\u00eat de pr\u00eat Montant du pr\u00eat $ Mois de pr\u00eat Mois Taux d&#039;int\u00e9r\u00eat % Combien vous avez besoin Monthly EMI [&hellip;]<\/p>\n","protected":false},"author":3,"featured_media":0,"parent":0,"menu_order":0,"comment_status":"closed","ping_status":"closed","template":"","meta":{"footnotes":""},"class_list":["post-547","page","type-page","status-publish","hentry"],"_links":{"self":[{"href":"https:\/\/argentgarantie.ca\/en\/wp-json\/wp\/v2\/pages\/547","targetHints":{"allow":["GET"]}}],"collection":[{"href":"https:\/\/argentgarantie.ca\/en\/wp-json\/wp\/v2\/pages"}],"about":[{"href":"https:\/\/argentgarantie.ca\/en\/wp-json\/wp\/v2\/types\/page"}],"author":[{"embeddable":true,"href":"https:\/\/argentgarantie.ca\/en\/wp-json\/wp\/v2\/users\/3"}],"replies":[{"embeddable":true,"href":"https:\/\/argentgarantie.ca\/en\/wp-json\/wp\/v2\/comments?post=547"}],"version-history":[{"count":0,"href":"https:\/\/argentgarantie.ca\/en\/wp-json\/wp\/v2\/pages\/547\/revisions"}],"wp:attachment":[{"href":"https:\/\/argentgarantie.ca\/en\/wp-json\/wp\/v2\/media?parent=547"}],"curies":[{"name":"wp","href":"https:\/\/api.w.org\/{rel}","templated":true}]}}