{"id":460,"date":"2021-01-01T05:56:05","date_gmt":"2021-01-01T05:56:05","guid":{"rendered":"https:\/\/webdevcode.com\/wp\/pylon\/live\/?page_id=460"},"modified":"2022-03-19T19:13:42","modified_gmt":"2022-03-19T19:13:42","slug":"a-propos-de-nous","status":"publish","type":"page","link":"https:\/\/argentgarantie.ca\/en\/a-propos-de-nous\/","title":{"rendered":"\u00c0 propos de nous"},"content":{"rendered":"<div data-elementor-type=\"wp-page\" data-elementor-id=\"460\" class=\"elementor elementor-460\" data-elementor-post-type=\"page\">\n\t\t\t\t\t\t<section class=\"elementor-section elementor-top-section elementor-element elementor-element-ab5bfc8 elementor-section-stretched elementor-section-boxed elementor-section-height-default elementor-section-height-default\" data-id=\"ab5bfc8\" data-element_type=\"section\" data-e-type=\"section\" data-settings=\"{&quot;stretch_section&quot;:&quot;section-stretched&quot;,&quot;background_background&quot;:&quot;classic&quot;}\">\n\t\t\t\t\t\t<div class=\"elementor-container elementor-column-gap-default\">\n\t\t\t\t\t<div class=\"elementor-column elementor-col-100 elementor-top-column elementor-element elementor-element-6491731\" data-id=\"6491731\" data-element_type=\"column\" data-e-type=\"column\">\n\t\t\t<div class=\"elementor-widget-wrap elementor-element-populated\">\n\t\t\t\t\t\t<section class=\"elementor-section elementor-inner-section elementor-element elementor-element-0b54d97 elementor-section-boxed elementor-section-height-default elementor-section-height-default\" data-id=\"0b54d97\" data-element_type=\"section\" data-e-type=\"section\">\n\t\t\t\t\t\t<div class=\"elementor-container elementor-column-gap-default\">\n\t\t\t\t\t<div class=\"elementor-column elementor-col-50 elementor-inner-column elementor-element elementor-element-4207e53\" data-id=\"4207e53\" data-element_type=\"column\" data-e-type=\"column\">\n\t\t\t<div class=\"elementor-widget-wrap elementor-element-populated\">\n\t\t\t\t\t\t<div class=\"elementor-element elementor-element-85e6ff2 elementor-widget elementor-widget-pylon_img_with_title\" data-id=\"85e6ff2\" data-element_type=\"widget\" data-e-type=\"widget\" data-widget_type=\"pylon_img_with_title.default\">\n\t\t\t\t<div class=\"elementor-widget-container\">\n\t\t\t\t\t        <div class=\"about-three__image\">\r\n            <img fetchpriority=\"high\" decoding=\"async\" width=\"370\" height=\"333\" src=\"https:\/\/argentgarantie.ca\/wp-content\/uploads\/2021\/01\/about-3-1.png\" class=\"attachment-full size-full wp-image-463\" alt=\"\" srcset=\"https:\/\/argentgarantie.ca\/wp-content\/uploads\/2021\/01\/about-3-1.png 370w, https:\/\/argentgarantie.ca\/wp-content\/uploads\/2021\/01\/about-3-1-300x270.png 300w\" sizes=\"(max-width: 370px) 100vw, 370px\" \/>        <\/div>\r\n        \t\t\t\t<\/div>\n\t\t\t\t<\/div>\n\t\t\t\t\t<\/div>\n\t\t<\/div>\n\t\t\t\t<div class=\"elementor-column elementor-col-50 elementor-inner-column elementor-element elementor-element-1b85b8a\" data-id=\"1b85b8a\" data-element_type=\"column\" data-e-type=\"column\">\n\t\t\t<div class=\"elementor-widget-wrap elementor-element-populated\">\n\t\t\t\t\t\t<div class=\"elementor-element elementor-element-c7c8a27 elementor-widget elementor-widget-pylon_img_with_title\" data-id=\"c7c8a27\" data-element_type=\"widget\" data-e-type=\"widget\" data-widget_type=\"pylon_img_with_title.default\">\n\t\t\t\t<div class=\"elementor-widget-container\">\n\t\t\t\t\t        <div class=\"about-three__image\">\r\n            <img decoding=\"async\" width=\"770\" height=\"333\" src=\"https:\/\/argentgarantie.ca\/wp-content\/uploads\/2021\/01\/about-3-2.png\" class=\"attachment-full size-full wp-image-464\" alt=\"Argent Garantie\" srcset=\"https:\/\/argentgarantie.ca\/wp-content\/uploads\/2021\/01\/about-3-2.png 770w, https:\/\/argentgarantie.ca\/wp-content\/uploads\/2021\/01\/about-3-2-300x130.png 300w, https:\/\/argentgarantie.ca\/wp-content\/uploads\/2021\/01\/about-3-2-768x332.png 768w\" sizes=\"(max-width: 770px) 100vw, 770px\" \/><div class=\"about-three__image-text\">SOCI\u00c9T\u00c9 DE CONFIANCE<\/div>        <\/div>\r\n        \t\t\t\t<\/div>\n\t\t\t\t<\/div>\n\t\t\t\t\t<\/div>\n\t\t<\/div>\n\t\t\t\t\t<\/div>\n\t\t<\/section>\n\t\t\t\t<section class=\"elementor-section elementor-inner-section elementor-element elementor-element-eba9b2b elementor-section-boxed elementor-section-height-default elementor-section-height-default\" data-id=\"eba9b2b\" data-element_type=\"section\" data-e-type=\"section\">\n\t\t\t\t\t\t<div class=\"elementor-container elementor-column-gap-default\">\n\t\t\t\t\t<div class=\"elementor-column elementor-col-50 elementor-inner-column elementor-element elementor-element-6e54c68\" data-id=\"6e54c68\" data-element_type=\"column\" data-e-type=\"column\">\n\t\t\t<div class=\"elementor-widget-wrap elementor-element-populated\">\n\t\t\t\t\t\t<div class=\"elementor-element elementor-element-40a0f1b elementor-widget elementor-widget-pylon_title\" data-id=\"40a0f1b\" data-element_type=\"widget\" data-e-type=\"widget\" data-widget_type=\"pylon_title.default\">\n\t\t\t\t<div class=\"elementor-widget-container\">\n\t\t\t\t\t        <div class=\"pylon-title\">\r\n            <div class=\"block-title\">\r\n                <p class=\"small-title\">Apprenez \u00e0 nous conna\u00eetre<\/p>\r\n            <h2 class=\"title-block\">Quelques mots sur notre entreprise<\/h2>\r\n                        <\/div>\r\n                                <\/div>\r\n        \t\t\t\t<\/div>\n\t\t\t\t<\/div>\n\t\t\t\t\t<\/div>\n\t\t<\/div>\n\t\t\t\t<div class=\"elementor-column elementor-col-50 elementor-inner-column elementor-element elementor-element-6d6d754\" data-id=\"6d6d754\" data-element_type=\"column\" data-e-type=\"column\">\n\t\t\t<div class=\"elementor-widget-wrap elementor-element-populated\">\n\t\t\t\t\t\t<div class=\"elementor-element elementor-element-bae1190 elementor-widget elementor-widget-text-editor\" data-id=\"bae1190\" data-element_type=\"widget\" data-e-type=\"widget\" data-widget_type=\"text-editor.default\">\n\t\t\t\t<div class=\"elementor-widget-container\">\n\t\t\t\t\t\t\t\t\t<p>Nous croyons que tout le monde devrait avoir acc\u00e8s \u00e0 des options de financement adapt\u00e9es \u00e0 ses besoins. C\u2019est pourquoi depuis nos d\u00e9buts en 1992, nous cherchons \u00e0 simplifier le quotidien de milliers de Canadiens et de Canadiennes en leur offrant des solutions alternatives de cr\u00e9dit simples et efficaces.<\/p><p>Nous offrons des solutions de cr\u00e9dit adapt\u00e9es \u00e0 vos besoins, en vous pla\u00e7ant au c\u0153ur de nos services, pour favoriser votre paix d\u2019esprit. Avec respect. Simplement. Efficacement<\/p><p>\u00a0<\/p>\t\t\t\t\t\t\t\t<\/div>\n\t\t\t\t<\/div>\n\t\t\t\t\t<\/div>\n\t\t<\/div>\n\t\t\t\t\t<\/div>\n\t\t<\/section>\n\t\t\t\t\t<\/div>\n\t\t<\/div>\n\t\t\t\t\t<\/div>\n\t\t<\/section>\n\t\t\t\t<section class=\"elementor-section elementor-top-section elementor-element elementor-element-d836326 elementor-section-boxed elementor-section-height-default elementor-section-height-default\" data-id=\"d836326\" data-element_type=\"section\" data-e-type=\"section\">\n\t\t\t\t\t\t<div class=\"elementor-container elementor-column-gap-default\">\n\t\t\t\t\t<div class=\"elementor-column elementor-col-100 elementor-top-column elementor-element elementor-element-b59ed38\" data-id=\"b59ed38\" data-element_type=\"column\" data-e-type=\"column\">\n\t\t\t<div class=\"elementor-widget-wrap elementor-element-populated\">\n\t\t\t\t\t\t<div class=\"elementor-element elementor-element-e7e4559 elementor-widget elementor-widget-video\" data-id=\"e7e4559\" data-element_type=\"widget\" data-e-type=\"widget\" data-settings=\"{&quot;video_type&quot;:&quot;hosted&quot;,&quot;autoplay&quot;:&quot;yes&quot;,&quot;play_on_mobile&quot;:&quot;yes&quot;,&quot;mute&quot;:&quot;yes&quot;,&quot;loop&quot;:&quot;yes&quot;,&quot;controls&quot;:&quot;yes&quot;}\" data-widget_type=\"video.default\">\n\t\t\t\t<div class=\"elementor-widget-container\">\n\t\t\t\t\t\t\t<div class=\"e-hosted-video elementor-wrapper elementor-open-inline\">\n\t\t\t\t\t<video class=\"elementor-video\" src=\"https:\/\/argentgarantie.ca\/wp-content\/uploads\/2022\/03\/argent-garantie.mp4\" autoplay=\"\" loop=\"\" controls=\"\" muted=\"muted\" playsinline=\"\" controlslist=\"nodownload\"><\/video>\n\t\t\t\t<\/div>\n\t\t\t\t\t\t<\/div>\n\t\t\t\t<\/div>\n\t\t\t\t\t<\/div>\n\t\t<\/div>\n\t\t\t\t\t<\/div>\n\t\t<\/section>\n\t\t\t\t<section class=\"elementor-section elementor-top-section elementor-element elementor-element-355b0d4 elementor-section-full_width elementor-section-stretched elementor-section-height-default elementor-section-height-default\" data-id=\"355b0d4\" data-element_type=\"section\" data-e-type=\"section\" data-settings=\"{&quot;stretch_section&quot;:&quot;section-stretched&quot;}\">\n\t\t\t\t\t\t<div class=\"elementor-container elementor-column-gap-no\">\n\t\t\t\t\t<div class=\"elementor-column elementor-col-100 elementor-top-column elementor-element elementor-element-313362f\" data-id=\"313362f\" data-element_type=\"column\" data-e-type=\"column\">\n\t\t\t<div class=\"elementor-widget-wrap elementor-element-populated\">\n\t\t\t\t\t\t<div class=\"elementor-element elementor-element-3aba4e7 elementor-widget elementor-widget-pylon_popup_video\" data-id=\"3aba4e7\" data-element_type=\"widget\" data-e-type=\"widget\" data-widget_type=\"pylon_popup_video.default\">\n\t\t\t\t<div class=\"elementor-widget-container\">\n\t\t\t\t\t\r\n        <script>\r\n        jQuery(document).ready(function($) {\r\n            if ($(\".video-popup-195796327\").length) {\r\n                $(\".video-popup-195796327\").magnificPopup({\r\n                    disableOn: 700,\r\n                    type: \"iframe\",\r\n                    mainClass: \"mfp-fade\",\r\n                    removalDelay: 160,\r\n                    preloader: true,\r\n        \r\n                    fixedContentPos: false\r\n                });\r\n            }\r\n        });\r\n        <\/script>        <div class=\"video-one\">\r\n            <div class=\"video-one__box\">\r\n                <div class=\"video-one__box-bg\"><\/div>\r\n                <a href=\"\" class=\"video-one__btn video-popup video-popup-195796327\"><i class=\"fas fa-dollar-sign\"><\/i><\/a>\r\n                 <h3>D\u00e9couvrez comment Argent Garantie peut vous aider \u00e0 r\u00e9aliser vos r\u00eaves<\/h3>            <\/div>\r\n        <\/div>\r\n        \t\t\t\t<\/div>\n\t\t\t\t<\/div>\n\t\t\t\t\t<\/div>\n\t\t<\/div>\n\t\t\t\t\t<\/div>\n\t\t<\/section>\n\t\t\t\t<section class=\"elementor-section elementor-top-section elementor-element elementor-element-8e77a40 elementor-section-stretched elementor-section-boxed elementor-section-height-default elementor-section-height-default\" data-id=\"8e77a40\" data-element_type=\"section\" data-e-type=\"section\" data-settings=\"{&quot;background_background&quot;:&quot;classic&quot;,&quot;stretch_section&quot;:&quot;section-stretched&quot;}\">\n\t\t\t\t\t\t\t<div class=\"elementor-background-overlay\"><\/div>\n\t\t\t\t\t\t\t<div class=\"elementor-container elementor-column-gap-default\">\n\t\t\t\t\t<div class=\"elementor-column elementor-col-25 elementor-top-column elementor-element elementor-element-f542232\" data-id=\"f542232\" data-element_type=\"column\" data-e-type=\"column\">\n\t\t\t<div class=\"elementor-widget-wrap elementor-element-populated\">\n\t\t\t\t\t\t<div class=\"elementor-element elementor-element-b738a79 elementor-widget elementor-widget-pylon_funfact\" data-id=\"b738a79\" data-element_type=\"widget\" data-e-type=\"widget\" data-widget_type=\"pylon_funfact.default\">\n\t\t\t\t<div class=\"elementor-widget-container\">\n\t\t\t\t\t        <div class=\"funfact-one__box\">\r\n                <h3>\r\n                    <span class=\"odometer\" data-count=\"99\"><\/span><span class=\"funfact-symbol\">%<\/span>                <\/h3>\r\n                <p>Nous approuvons les pr\u00eats<\/p>            <\/div><!-- \/.funfact-one__box -->\r\n        \r\n        <script>\r\n            jQuery(document).ready(function($) {\r\n                \"use strict\";\r\n                if (jQuery(\".odometer\").length) {\r\n                    jQuery(\".odometer\").appear(function(e) {\r\n                        var odo = jQuery(\".odometer\");\r\n                        odo.each(function() {\r\n                            var countNumber = jQuery(this).attr(\"data-count\");\r\n                            jQuery(this).html(countNumber);\r\n                        });\r\n                    });\r\n                }\r\n            });\r\n        <\/script>\r\n        \t\t\t\t<\/div>\n\t\t\t\t<\/div>\n\t\t\t\t\t<\/div>\n\t\t<\/div>\n\t\t\t\t<div class=\"elementor-column elementor-col-25 elementor-top-column elementor-element elementor-element-0f9a4e9\" data-id=\"0f9a4e9\" data-element_type=\"column\" data-e-type=\"column\">\n\t\t\t<div class=\"elementor-widget-wrap elementor-element-populated\">\n\t\t\t\t\t\t<div class=\"elementor-element elementor-element-c08ddef elementor-widget elementor-widget-pylon_funfact\" data-id=\"c08ddef\" data-element_type=\"widget\" data-e-type=\"widget\" data-widget_type=\"pylon_funfact.default\">\n\t\t\t\t<div class=\"elementor-widget-container\">\n\t\t\t\t\t        <div class=\"funfact-one__box\">\r\n                <h3>\r\n                    <span class=\"funfact-amount\">$<\/span><span class=\"odometer\" data-count=\"90\"><\/span><span class=\"funfact-symbol\">K<\/span>                <\/h3>\r\n                <p>Paiements quotidiens<\/p>            <\/div><!-- \/.funfact-one__box -->\r\n        \r\n        <script>\r\n            jQuery(document).ready(function($) {\r\n                \"use strict\";\r\n                if (jQuery(\".odometer\").length) {\r\n                    jQuery(\".odometer\").appear(function(e) {\r\n                        var odo = jQuery(\".odometer\");\r\n                        odo.each(function() {\r\n                            var countNumber = jQuery(this).attr(\"data-count\");\r\n                            jQuery(this).html(countNumber);\r\n                        });\r\n                    });\r\n                }\r\n            });\r\n        <\/script>\r\n        \t\t\t\t<\/div>\n\t\t\t\t<\/div>\n\t\t\t\t\t<\/div>\n\t\t<\/div>\n\t\t\t\t<div class=\"elementor-column elementor-col-25 elementor-top-column elementor-element elementor-element-887b388\" data-id=\"887b388\" data-element_type=\"column\" data-e-type=\"column\">\n\t\t\t<div class=\"elementor-widget-wrap elementor-element-populated\">\n\t\t\t\t\t\t<div class=\"elementor-element elementor-element-5326083 elementor-widget elementor-widget-pylon_funfact\" data-id=\"5326083\" data-element_type=\"widget\" data-e-type=\"widget\" data-widget_type=\"pylon_funfact.default\">\n\t\t\t\t<div class=\"elementor-widget-container\">\n\t\t\t\t\t        <div class=\"funfact-one__box\">\r\n                <h3>\r\n                    <span class=\"odometer\" data-count=\"8900\"><\/span>                <\/h3>\r\n                <p>Clients satisfaits<\/p>            <\/div><!-- \/.funfact-one__box -->\r\n        \r\n        <script>\r\n            jQuery(document).ready(function($) {\r\n                \"use strict\";\r\n                if (jQuery(\".odometer\").length) {\r\n                    jQuery(\".odometer\").appear(function(e) {\r\n                        var odo = jQuery(\".odometer\");\r\n                        odo.each(function() {\r\n                            var countNumber = jQuery(this).attr(\"data-count\");\r\n                            jQuery(this).html(countNumber);\r\n                        });\r\n                    });\r\n                }\r\n            });\r\n        <\/script>\r\n        \t\t\t\t<\/div>\n\t\t\t\t<\/div>\n\t\t\t\t\t<\/div>\n\t\t<\/div>\n\t\t\t\t<div class=\"elementor-column elementor-col-25 elementor-top-column elementor-element elementor-element-1d2a598\" data-id=\"1d2a598\" data-element_type=\"column\" data-e-type=\"column\">\n\t\t\t<div class=\"elementor-widget-wrap elementor-element-populated\">\n\t\t\t\t\t\t<div class=\"elementor-element elementor-element-83c35d9 elementor-widget elementor-widget-pylon_funfact\" data-id=\"83c35d9\" data-element_type=\"widget\" data-e-type=\"widget\" data-widget_type=\"pylon_funfact.default\">\n\t\t\t\t<div class=\"elementor-widget-container\">\n\t\t\t\t\t        <div class=\"funfact-one__box\">\r\n                <h3>\r\n                    <span class=\"odometer\" data-count=\"30\"><\/span>                <\/h3>\r\n                <p>Ans dans le domaine<\/p>            <\/div><!-- \/.funfact-one__box -->\r\n        \r\n        <script>\r\n            jQuery(document).ready(function($) {\r\n                \"use strict\";\r\n                if (jQuery(\".odometer\").length) {\r\n                    jQuery(\".odometer\").appear(function(e) {\r\n                        var odo = jQuery(\".odometer\");\r\n                        odo.each(function() {\r\n                            var countNumber = jQuery(this).attr(\"data-count\");\r\n                            jQuery(this).html(countNumber);\r\n                        });\r\n                    });\r\n                }\r\n            });\r\n        <\/script>\r\n        \t\t\t\t<\/div>\n\t\t\t\t<\/div>\n\t\t\t\t\t<\/div>\n\t\t<\/div>\n\t\t\t\t\t<\/div>\n\t\t<\/section>\n\t\t\t\t<section class=\"elementor-section elementor-top-section elementor-element elementor-element-a97a2b5 elementor-section-boxed elementor-section-height-default elementor-section-height-default\" data-id=\"a97a2b5\" data-element_type=\"section\" data-e-type=\"section\">\n\t\t\t\t\t\t<div class=\"elementor-container elementor-column-gap-default\">\n\t\t\t\t\t<div class=\"elementor-column elementor-col-100 elementor-top-column elementor-element elementor-element-286cefc\" data-id=\"286cefc\" data-element_type=\"column\" data-e-type=\"column\">\n\t\t\t<div class=\"elementor-widget-wrap\">\n\t\t\t\t\t\t\t<\/div>\n\t\t<\/div>\n\t\t\t\t\t<\/div>\n\t\t<\/section>\n\t\t\t\t<\/div>","protected":false},"excerpt":{"rendered":"<p>SOCI\u00c9T\u00c9 DE CONFIANCE Apprenez \u00e0 nous conna\u00eetre Quelques mots sur notre entreprise Nous croyons que tout le monde devrait avoir acc\u00e8s \u00e0 des [&hellip;]<\/p>\n","protected":false},"author":3,"featured_media":0,"parent":0,"menu_order":0,"comment_status":"closed","ping_status":"closed","template":"","meta":{"footnotes":""},"class_list":["post-460","page","type-page","status-publish","hentry"],"_links":{"self":[{"href":"https:\/\/argentgarantie.ca\/en\/wp-json\/wp\/v2\/pages\/460","targetHints":{"allow":["GET"]}}],"collection":[{"href":"https:\/\/argentgarantie.ca\/en\/wp-json\/wp\/v2\/pages"}],"about":[{"href":"https:\/\/argentgarantie.ca\/en\/wp-json\/wp\/v2\/types\/page"}],"author":[{"embeddable":true,"href":"https:\/\/argentgarantie.ca\/en\/wp-json\/wp\/v2\/users\/3"}],"replies":[{"embeddable":true,"href":"https:\/\/argentgarantie.ca\/en\/wp-json\/wp\/v2\/comments?post=460"}],"version-history":[{"count":0,"href":"https:\/\/argentgarantie.ca\/en\/wp-json\/wp\/v2\/pages\/460\/revisions"}],"wp:attachment":[{"href":"https:\/\/argentgarantie.ca\/en\/wp-json\/wp\/v2\/media?parent=460"}],"curies":[{"name":"wp","href":"https:\/\/api.w.org\/{rel}","templated":true}]}}